{"id":1000,"date":"2015-02-16T16:40:41","date_gmt":"2015-02-16T16:40:41","guid":{"rendered":"http:\/\/www.cooperkites.de\/?post_type=product&#038;p=1000"},"modified":"2022-03-23T19:25:59","modified_gmt":"2022-03-23T19:25:59","slug":"cooper-nexxt-one","status":"publish","type":"product","link":"https:\/\/www.cooperkites.de\/?product=cooper-nexxt-one","title":{"rendered":"Nexxt One"},"content":{"rendered":"<p>Da es derzeit Probleme mit dem Tuchlieferanten gibt produzieren wir keine Cooperkites.\u00a0 Sollte wir das Problem l\u00f6sen k\u00f6nnen werden auch wieder Cooperkites produziert.<\/p>\n<p>&nbsp;<\/p>\n<p>Die neue Nexxt One ist eine komplette Neuentwicklung bei der die One aber immer als Referenz\u00a0zur Seite stand.<\/p>\n<p style=\"text-align: justify;\">Nexxt One ein neuer frischer und moderner Kite geworden der f\u00fcr alle Landkite-Sportarten mehr als geeignet ist! Wir haben bei der Konstruktion besonderen Augenmerk auf einfache und unproblematische Bedienung gelegt ihm aber trotzdem ein sehr hohes Ma\u00df an Leistung,Stabilit\u00e4t und Performace mitgegeben. So f\u00fchlt sich die neue Nexxt viel leichtf\u00fc\u00dfiger und feiner an als sein Vorg\u00e4nger. Optisch und technisch r\u00fcckt die Nexxt ein St\u00fcck n\u00e4her an die Intermidiats, das Handling allerdings ist eher weiter in Richtung Einsteiger verbessert. Die kleinen Gr\u00f6\u00dfen entsprechen der Klasse Allround, die mittleren (ab 550) und gro\u00dfen Gr\u00f6\u00dfen sind jetzt klassische Intermidiats!<\/p>\n<p style=\"text-align: justify;\">Die Nexxt One lasst sich super einfach Starten und Landen das auch bei viel Wind, ist auf allen Kursen immer sicher vorn und geht sauber und gutm\u00fctig duch alle Man\u00f6ver. Nexxt One hat keinerlei Tendence zu Lift\/Querzug und ist selbst \u00fcberpowert sehr einfach zu handeln. Das hochweritge Skytex bring wenig Gewicht auf die Waage somit haben alle Nexxt One ein unschlagbar niedriges Lowend .<\/p>\n<p style=\"text-align: justify;\">Nexxt fliegt noch wenn andere schon einpacken m\u00fcssen! Der Speed und die Performace wurde gegen\u00fcber der One deutlich erh\u00f6ht, jedoch f\u00fchlt sich die Nexxt viel zahmer an! Die Profile ( bis 425) und D-Ribs der Nexxt sind mit dem RRS System ( Bild unten) ausger\u00fcstet wie es schon beim Rabbit zum Einsatz kam. Die Liros Waage ist sehr aufger\u00e4umt und einfach gehalten, vern\u00e4ht und abgetapt. In Inneren sind die Nexxt One (je nach Gr\u00f6\u00dfe) mit D -Ribs, H-Ribs und Zugentlastungsb\u00e4ndern ausger\u00fcstet. Die Gr\u00f6\u00dfen 750+1050 haben nat\u00fcrlich das ultraleichte 27gr Skytex Untersegel. Damit z\u00e4hlen diese beiden zu den absoluten Leichtwindkites!<\/p>\n<p style=\"text-align: justify;\">Cooper Nexxt ONE wird geliefert Kite only im Softbag<\/p>\n<p style=\"text-align: justify;\">Lenksets bitte separat bestellen.<\/p>\n","protected":false},"excerpt":{"rendered":"Cooper Nexxt One kite only\r\n\r\nLenksets bitte getrennt bestellen!\r\n\r\n&nbsp;","protected":false},"featured_media":1323,"comment_status":"open","ping_status":"closed","template":"","meta":[],"product_cat":[58],"product_tag":[],"class_list":{"0":"post-1000","1":"product","2":"type-product","3":"status-publish","4":"has-post-thumbnail","6":"product_cat-kites","8":"first","9":"outofstock","10":"taxable","11":"shipping-taxable","12":"purchasable","13":"product-type-variable"},"aioseo_notices":[],"_links":{"self":[{"href":"https:\/\/www.cooperkites.de\/index.php?rest_route=\/wp\/v2\/product\/1000"}],"collection":[{"href":"https:\/\/www.cooperkites.de\/index.php?rest_route=\/wp\/v2\/product"}],"about":[{"href":"https:\/\/www.cooperkites.de\/index.php?rest_route=\/wp\/v2\/types\/product"}],"replies":[{"embeddable":true,"href":"https:\/\/www.cooperkites.de\/index.php?rest_route=%2Fwp%2Fv2%2Fcomments&post=1000"}],"wp:featuredmedia":[{"embeddable":true,"href":"https:\/\/www.cooperkites.de\/index.php?rest_route=\/wp\/v2\/media\/1323"}],"wp:attachment":[{"href":"https:\/\/www.cooperkites.de\/index.php?rest_route=%2Fwp%2Fv2%2Fmedia&parent=1000"}],"wp:term":[{"taxonomy":"product_cat","embeddable":true,"href":"https:\/\/www.cooperkites.de\/index.php?rest_route=%2Fwp%2Fv2%2Fproduct_cat&post=1000"},{"taxonomy":"product_tag","embeddable":true,"href":"https:\/\/www.cooperkites.de\/index.php?rest_route=%2Fwp%2Fv2%2Fproduct_tag&post=1000"}],"curies":[{"name":"wp","href":"https:\/\/api.w.org\/{rel}","templated":true}]}}