{"id":908,"date":"2015-02-16T12:57:38","date_gmt":"2015-02-16T12:57:38","guid":{"rendered":"http:\/\/www.cooperkites.de\/?page_id=908"},"modified":"2018-05-07T13:09:20","modified_gmt":"2018-05-07T13:09:20","slug":"bezahlmoeglichkeiten","status":"publish","type":"page","link":"https:\/\/www.cooperkites.de\/?page_id=908","title":{"rendered":"Zahlungsmethoden"},"content":{"rendered":"<ul class=\"payment_methods methods\">\n<li class=\"payment_method_paypal_plus\"><label for=\"payment_method_paypal_plus\">PayPal Plus beinhaltet die Zahlungen \u00fcber paypal,<\/label><\/li>\n<li class=\"payment_method_paypal_plus\"><label for=\"payment_method_paypal_plus\">Zahlungen per Kreditkarte, via Lastschrift oder per Rechnung. \u00a0Diese Zahlungen werden \u00fcber paypal Plus abgewickelt sie ben\u00f6tigen dazu keinen eigenen Paypal Account!<\/label><\/li>\n<li class=\"payment_method_paypal_plus\">Paypal\u00a0 Rechnungskauf:Unser Zahlungssystemepartner Paypal bietet Ihnen an, die Produkte aus unserem Online Shop auf Rechnung zu kaufen. Wir treten dabei die Zahlungsforderung an PayPal ab und PayPal wird diese im eigenen Namen einziehen, wir bleiben weiterhin Ihr Vertrags- und Ansprechpartner.\u00a0(Zahlung auf Rechnung geht leider nur f\u00fcr deutsche Kunden!)\n<p>Paypal Ratenzahlung<\/p>\n<p>Mit der Zahlungsart Ratenzahlung (Powered by PayPal) bieten wir Ihnen an, ab einen Einkaufswert von 99\u20ac\u00a0 die Ware aus unserem Onlineshop unkompliziert zu finanzieren. Paypal Ratenzahlung macht es ihnen m\u00f6glich, in 6 oder 12 monatlichen Raten (vorbehaltlich Verf\u00fcgbarkeit &amp; Bonit\u00e4tspr\u00fcfung) zu bezahlen. Ihre Bonit\u00e4t wird von PayPal in Echtzeit gepr\u00fcft. Wir treten die Forderung an PayPal ab und PayPal wird diese im eigenen Namen einziehen, wir bleiben jedoch\u00a0 Ihr Vertrags- und Ansprechpartner.<\/p>\n<div class=\"payment_box payment_method_paypal_plus\"><\/div>\n<\/li>\n<li class=\"payment_method_bacs\"><label for=\"payment_method_bacs\">\u00dcberweisung\/ Vorkasse<\/label>\n<div class=\"payment_box payment_method_bacs\">\n<p>T\u00e4tigen Sie Ihre Zahlung direkt an unser Bankkonto. Wichtiger Hinweis: Bitte geben Sie die Bestellnummer im Verwendungszweck an. Ihre Bestellung wird versandt, sobald Ihre Zahlung bei uns eingegangen ist.<\/p>\n<\/div>\n<\/li>\n<li class=\"payment_method_cod\"><label for=\"payment_method_cod\">Nachnahme<\/label>\n<div class=\"payment_box payment_method_cod\">\n<p>Zahlen via Nachnahme. <span class=\"woocommerce-Price-amount amount\"><span class=\"woocommerce-Price-currencySymbol\">\u20ac<\/span>5,00<\/span> Zahlungsgeb\u00fchr.<\/p>\n<\/div>\n<\/li>\n<\/ul>\n","protected":false},"excerpt":{"rendered":"PayPal Plus beinhaltet die Zahlungen \u00fcber paypal, Zahlungen per Kreditkarte, via Lastschrift oder per Rechnung. \u00a0Diese Zahlungen werden \u00fcber paypal Plus abgewickelt sie ben\u00f6tigen dazu keinen eigenen Paypal Account! Paypal\u00a0 Rechnungskauf:Unser Zahlungssystemepartner Paypal bietet Ihnen an, die Produkte aus unserem Online Shop auf Rechnung zu kaufen. Wir treten dabei die Zahlungsforderung an PayPal ab und&#8230; <a class=\"view-article\" href=\"https:\/\/www.cooperkites.de\/?page_id=908\">Artikel ansehen<\/a>","protected":false},"author":1,"featured_media":0,"parent":0,"menu_order":0,"comment_status":"closed","ping_status":"open","template":"","meta":{"footnotes":""},"class_list":["post-908","page","type-page","status-publish","hentry"],"aioseo_notices":[],"_links":{"self":[{"href":"https:\/\/www.cooperkites.de\/index.php?rest_route=\/wp\/v2\/pages\/908"}],"collection":[{"href":"https:\/\/www.cooperkites.de\/index.php?rest_route=\/wp\/v2\/pages"}],"about":[{"href":"https:\/\/www.cooperkites.de\/index.php?rest_route=\/wp\/v2\/types\/page"}],"author":[{"embeddable":true,"href":"https:\/\/www.cooperkites.de\/index.php?rest_route=\/wp\/v2\/users\/1"}],"replies":[{"embeddable":true,"href":"https:\/\/www.cooperkites.de\/index.php?rest_route=%2Fwp%2Fv2%2Fcomments&post=908"}],"version-history":[{"count":3,"href":"https:\/\/www.cooperkites.de\/index.php?rest_route=\/wp\/v2\/pages\/908\/revisions"}],"predecessor-version":[{"id":1702,"href":"https:\/\/www.cooperkites.de\/index.php?rest_route=\/wp\/v2\/pages\/908\/revisions\/1702"}],"wp:attachment":[{"href":"https:\/\/www.cooperkites.de\/index.php?rest_route=%2Fwp%2Fv2%2Fmedia&parent=908"}],"curies":[{"name":"wp","href":"https:\/\/api.w.org\/{rel}","templated":true}]}}