{"id":907,"date":"2015-02-16T12:57:38","date_gmt":"2015-02-16T12:57:38","guid":{"rendered":"http:\/\/www.cooperkites.de\/?page_id=907"},"modified":"2016-05-19T07:31:17","modified_gmt":"2016-05-19T07:31:17","slug":"versandmethoden","status":"publish","type":"page","link":"https:\/\/www.cooperkites.de\/?page_id=907","title":{"rendered":"Versandmethoden"},"content":{"rendered":"<table style=\"height: 410px;\" border=\"1\" width=\"889\">\n<thead>\n<tr>\n<td width=\"102\"><strong>Land<\/strong><\/td>\n<td width=\"80\"><strong>Preis<\/strong><\/td>\n<td width=\"266\"><strong>Bemerkungen<\/strong><\/td>\n<\/tr>\n<\/thead>\n<tbody>\n<tr>\n<td>Deutschland<\/td>\n<td>4,90\u20ac<\/td>\n<td width=\"266\"><strong>ab\u00a0125\u20ac versandkostenfrei, \u00a0 Lieferung auf Inseln\u00a0besprechen!<\/strong><\/td>\n<\/tr>\n<tr>\n<td>Belgien<\/td>\n<td>20,00\u20ac<\/td>\n<td width=\"266\"><\/td>\n<\/tr>\n<tr>\n<td>Niederlande<\/td>\n<td>20,00\u20ac<\/td>\n<td width=\"266\"><strong>\u00a0au\u00dfer \u00fcberseeische Gebiete und Departments<\/strong><\/td>\n<\/tr>\n<tr>\n<td>Luxemburg<\/td>\n<td>20,00\u20ac<\/td>\n<td width=\"266\"><\/td>\n<\/tr>\n<tr>\n<td>D\u00e4nemark<\/td>\n<td>20,00\u20ac<\/td>\n<td width=\"266\">\u00a0<strong>\u00a0au\u00dfer \u00fcberseeische Gebiete und Departments\u00a0<\/strong><\/td>\n<\/tr>\n<tr>\n<td>Frankreich<\/td>\n<td>20,00\u20ac<\/td>\n<td width=\"266\"><strong>\u00a0au\u00dfer \u00fcberseeische Gebiete und Departments<\/strong><\/td>\n<\/tr>\n<tr>\n<td><\/td>\n<td><\/td>\n<td width=\"266\"><\/td>\n<\/tr>\n<tr>\n<td>Liechtenstein<\/td>\n<td>20,00\u20ac<\/td>\n<td width=\"266\"><\/td>\n<\/tr>\n<tr>\n<td><\/td>\n<td><\/td>\n<td width=\"266\"><\/td>\n<\/tr>\n<tr>\n<td>\u00d6sterreich<\/td>\n<td>20,00\u20ac<\/td>\n<td width=\"266\"><\/td>\n<\/tr>\n<tr>\n<td>Polen<\/td>\n<td>8,00\u20ac<\/td>\n<td width=\"266\"><\/td>\n<\/tr>\n<tr>\n<td><\/td>\n<td><\/td>\n<td width=\"266\"><\/td>\n<\/tr>\n<\/tbody>\n<\/table>\n<p><strong>Versand in hier nicht aufgef\u00fchrte L\u00e4nder ist nach vorheriger Absprache m\u00f6glich.<\/strong><\/p>\n<p><strong>Should the delivery be desired in countries not listed, please contact us for shipping<\/strong>.<\/p>\n<p>Eventuell anfallende Zollgeb\u00fchren beim Versand au\u00dferhalb Deutschlands fallen dem K\u00e4ufer zulasten.<\/p>\n<p>Expresszustellung: nach vorheriger Absprache: + 20,00 EUR<\/p>\n<p>Zahlung per Nachnahme: +6,00\u20ac nur innerhalb Deutschlands nur nach vorheriger Absprache m\u00f6glich!<\/p>\n<p>Wir versenden mit verschiedenen Anbietern sollten sie DHL Zustellung w\u00fcnschen informieren sie uns!<\/p>\n<p>Versand zu Packstationen nach Absprache m\u00f6glich<\/p>\n<p>Versand auf Inseln nach vorheriger Absprache m\u00f6glich!<\/p>\n<p>Die angegebene Versandzeit ist in Werktagen angegeben.<\/p>\n","protected":false},"excerpt":{"rendered":"Land Preis Bemerkungen Deutschland 4,90\u20ac ab\u00a0125\u20ac versandkostenfrei, \u00a0 Lieferung auf Inseln\u00a0besprechen! Belgien 20,00\u20ac Niederlande 20,00\u20ac \u00a0au\u00dfer \u00fcberseeische Gebiete und Departments Luxemburg 20,00\u20ac D\u00e4nemark 20,00\u20ac \u00a0\u00a0au\u00dfer \u00fcberseeische Gebiete und Departments\u00a0 Frankreich 20,00\u20ac \u00a0au\u00dfer \u00fcberseeische Gebiete und Departments Liechtenstein 20,00\u20ac \u00d6sterreich 20,00\u20ac Polen 8,00\u20ac Versand in hier nicht aufgef\u00fchrte L\u00e4nder ist nach vorheriger Absprache m\u00f6glich. Should the&#8230; <a class=\"view-article\" href=\"https:\/\/www.cooperkites.de\/?page_id=907\">Artikel ansehen<\/a>","protected":false},"author":1,"featured_media":0,"parent":0,"menu_order":0,"comment_status":"closed","ping_status":"open","template":"","meta":{"footnotes":""},"class_list":["post-907","page","type-page","status-publish","hentry"],"aioseo_notices":[],"_links":{"self":[{"href":"https:\/\/www.cooperkites.de\/index.php?rest_route=\/wp\/v2\/pages\/907"}],"collection":[{"href":"https:\/\/www.cooperkites.de\/index.php?rest_route=\/wp\/v2\/pages"}],"about":[{"href":"https:\/\/www.cooperkites.de\/index.php?rest_route=\/wp\/v2\/types\/page"}],"author":[{"embeddable":true,"href":"https:\/\/www.cooperkites.de\/index.php?rest_route=\/wp\/v2\/users\/1"}],"replies":[{"embeddable":true,"href":"https:\/\/www.cooperkites.de\/index.php?rest_route=%2Fwp%2Fv2%2Fcomments&post=907"}],"version-history":[{"count":5,"href":"https:\/\/www.cooperkites.de\/index.php?rest_route=\/wp\/v2\/pages\/907\/revisions"}],"predecessor-version":[{"id":1555,"href":"https:\/\/www.cooperkites.de\/index.php?rest_route=\/wp\/v2\/pages\/907\/revisions\/1555"}],"wp:attachment":[{"href":"https:\/\/www.cooperkites.de\/index.php?rest_route=%2Fwp%2Fv2%2Fmedia&parent=907"}],"curies":[{"name":"wp","href":"https:\/\/api.w.org\/{rel}","templated":true}]}}