{"id":63,"date":"2015-02-06T15:12:40","date_gmt":"2015-02-06T15:12:40","guid":{"rendered":"http:\/\/localhost\/wp\/?page_id=63"},"modified":"2015-03-30T12:03:47","modified_gmt":"2015-03-30T12:03:47","slug":"nexxt-one-2","status":"publish","type":"page","link":"https:\/\/www.cooperkites.de\/?page_id=63","title":{"rendered":"Cooper Nexxt ONE"},"content":{"rendered":"<p>Die neue Nexxt One ist eine komplette Neuentwicklung bei der die One aber immer als Referenz zur Seite stand.<\/p>\n<p style=\"text-align: justify;\">Nexxt One ein neuer frischer und moderner Kite geworden, der f\u00fcr alle Landkite-Sportarten mehr als geeignet ist! Wir haben bei der Konstruktion besonderen Augenmerk auf einfache und unproblematische Bedienung gelegt, ihm aber trotzdem ein sehr hohes Ma\u00df an Leistung, Stabilit\u00e4t und Performace mitgegeben. So f\u00fchlt sich die neue Nexxt viel leichtf\u00fc\u00dfiger und feiner an als sein Vorg\u00e4nger. Optisch und technisch r\u00fcckt die Nexxt ein St\u00fcck n\u00e4her an die Intermidiats, das Handling allerdings ist eher weiter in Richtung Einsteiger verbessert. Die kleinen Gr\u00f6\u00dfen entsprechen der Klasse Allround, die mittleren (ab 550) und gro\u00dfen Gr\u00f6\u00dfen sind jetzt klassische Intermidiats!<\/p>\n<p style=\"text-align: justify;\">Die Nexxt One lasst sich super einfach starten und landen, das auch bei viel Wind, ist auf allen Kursen immer sicher vorn und geht sauber und gutm\u00fctig durch alle Man\u00f6ver. Nexxt One hat keinerlei Tendence zu Lift\/Querzug und ist selbst \u00fcberpowert sehr einfach zu handeln. Das hochwertige Skytex bringt wenig Gewicht auf die Waage, somit haben alle Nexxt One ein unschlagbar niedriges Lowend .<\/p>\n<p style=\"text-align: justify;\">Nexxt fliegt noch, wenn andere schon einpacken m\u00fcssen! Der Speed und die Performace wurde gegen\u00fcber der One deutlich erh\u00f6ht, jedoch f\u00fchlt sich die Nexxt viel zahmer an! Die Profile ( bis 425) und D-Ribs der Nexxt sind mit dem RRS System ( Bild unten) ausger\u00fcstet, wie es schon beim Rabbit zum Einsatz kam. Die Liros Waage ist sehr aufger\u00e4umt und einfach gehalten, vern\u00e4ht und abgetapt. In Inneren sind die Nexxt One (je nach Gr\u00f6\u00dfe) mit \u00a0D-Ribs, H-Ribs und Zugentlastungsb\u00e4ndern ausger\u00fcstet. Die Gr\u00f6\u00dfen 750+1050 haben nat\u00fcrlich das ultraleichte 27gr Skytex Untersegel. Damit z\u00e4hlen diese Beiden zu den absoluten Leichtwindkites!<\/p>\n<h1>Daten<\/h1>\n<table class=\"tg\" style=\"undefined;table-layout: fixed; width: 582px;\" border=\"1\">\n<colgroup>\n<col style=\"width: 119px;\" \/>\n<col style=\"width: 98px;\" \/>\n<col style=\"width: 101px;\" \/>\n<col style=\"width: 56px;\" \/>\n<col style=\"width: 120px;\" \/> <\/colgroup>\n<tbody>\n<tr>\n<th class=\"tg-to8t\">Nexxt ONE<\/th>\n<th class=\"tg-to8t\">Spannweite<\/th>\n<th class=\"tg-to8t\">Streckung<\/th>\n<th class=\"tg-to8t\">Zellen<\/th>\n<th class=\"tg-to8t\">Tuch<\/th>\n<\/tr>\n<tr>\n<td class=\"tg-to8t\">150<\/td>\n<td class=\"tg-gq9a\">230<\/td>\n<td class=\"tg-gq9a\">3.6<\/td>\n<td class=\"tg-gq9a\">19<\/td>\n<td class=\"tg-gq9a\">Skytex 38<\/td>\n<\/tr>\n<tr>\n<td class=\"tg-to8t\">200<\/td>\n<td class=\"tg-gq9a\">275<\/td>\n<td class=\"tg-gq9a\">3.8<\/td>\n<td class=\"tg-gq9a\">19<\/td>\n<td class=\"tg-gq9a\">Skytex 38<\/td>\n<\/tr>\n<tr>\n<td class=\"tg-to8t\">300<\/td>\n<td class=\"tg-gq9a\">340<\/td>\n<td class=\"tg-gq9a\">3.9<\/td>\n<td class=\"tg-gq9a\">21<\/td>\n<td class=\"tg-gq9a\">Skytex 38<\/td>\n<\/tr>\n<tr>\n<td class=\"tg-to8t\">425<\/td>\n<td class=\"tg-gq9a\">410<\/td>\n<td class=\"tg-gq9a\">4.0<\/td>\n<td class=\"tg-gq9a\">21<\/td>\n<td class=\"tg-gq9a\">Skytex 38<\/td>\n<\/tr>\n<tr>\n<td class=\"tg-to8t\">550<\/td>\n<td class=\"tg-gq9a\">490<\/td>\n<td class=\"tg-gq9a\">4.3<\/td>\n<td class=\"tg-gq9a\">23<\/td>\n<td class=\"tg-gq9a\">Skytex 38<\/td>\n<\/tr>\n<tr>\n<td class=\"tg-to8t\">750<\/td>\n<td class=\"tg-gq9a\">580<\/td>\n<td class=\"tg-gq9a\">4.5<\/td>\n<td class=\"tg-gq9a\">25<\/td>\n<td class=\"tg-gq9a\">Skytex 27\/38gr<\/td>\n<\/tr>\n<tr>\n<td class=\"tg-to8t\">1050<\/td>\n<td class=\"tg-gq9a\">690<\/td>\n<td class=\"tg-gq9a\">4.5<\/td>\n<td class=\"tg-gq9a\">29<\/td>\n<td class=\"tg-gq9a\">Skytex 27\/38gr<\/td>\n<\/tr>\n<\/tbody>\n<\/table>\n<h1>PHOTOS<\/h1>\n<article class=\"img-item\">\n\t\t<style type=\"text\/css\">\n\t\t\t#gallery-1 {\n\t\t\t\tmargin: auto;\n\t\t\t}\n\t\t\t#gallery-1 .gallery-item {\n\t\t\t\tfloat: left;\n\t\t\t\tmargin-top: 10px;\n\t\t\t\ttext-align: center;\n\t\t\t\twidth: 25%;\n\t\t\t}\n\t\t\t#gallery-1 img {\n\t\t\t\tborder: 2px solid #cfcfcf;\n\t\t\t}\n\t\t\t#gallery-1 .gallery-caption {\n\t\t\t\tmargin-left: 0;\n\t\t\t}\n\t\t\t\/* see gallery_shortcode() in wp-includes\/media.php *\/\n\t\t<\/style>\n\t\t<div id='gallery-1' class='gallery galleryid-63 gallery-columns-4 gallery-size-thumbnail'><dl class='gallery-item'>\n\t\t\t<dt class='gallery-icon landscape'>\n\t\t\t\t<a href='https:\/\/www.cooperkites.de\/wp-content\/uploads\/2015\/02\/nexxt3.jpg' title=\"\" data-rl_title=\"\" class=\"rl-gallery-link\" data-rl_caption=\"\" data-rel=\"lightbox-gallery-1\"><img loading=\"lazy\" decoding=\"async\" width=\"150\" height=\"150\" src=\"https:\/\/www.cooperkites.de\/wp-content\/uploads\/2015\/02\/nexxt3-150x150.jpg\" class=\"attachment-thumbnail size-thumbnail\" alt=\"\" srcset=\"https:\/\/www.cooperkites.de\/wp-content\/uploads\/2015\/02\/nexxt3-150x150.jpg 150w, https:\/\/www.cooperkites.de\/wp-content\/uploads\/2015\/02\/nexxt3-300x300.jpg 300w, https:\/\/www.cooperkites.de\/wp-content\/uploads\/2015\/02\/nexxt3-100x100.jpg 100w\" sizes=\"(max-width: 150px) 100vw, 150px\" \/><\/a>\n\t\t\t<\/dt><\/dl><dl class='gallery-item'>\n\t\t\t<dt class='gallery-icon landscape'>\n\t\t\t\t<a href='https:\/\/www.cooperkites.de\/wp-content\/uploads\/2015\/02\/nexxt5.jpg' title=\"\" data-rl_title=\"\" class=\"rl-gallery-link\" data-rl_caption=\"\" data-rel=\"lightbox-gallery-1\"><img loading=\"lazy\" decoding=\"async\" width=\"150\" height=\"150\" src=\"https:\/\/www.cooperkites.de\/wp-content\/uploads\/2015\/02\/nexxt5-150x150.jpg\" class=\"attachment-thumbnail size-thumbnail\" alt=\"\" srcset=\"https:\/\/www.cooperkites.de\/wp-content\/uploads\/2015\/02\/nexxt5-150x150.jpg 150w, https:\/\/www.cooperkites.de\/wp-content\/uploads\/2015\/02\/nexxt5-300x300.jpg 300w, https:\/\/www.cooperkites.de\/wp-content\/uploads\/2015\/02\/nexxt5-100x100.jpg 100w\" sizes=\"(max-width: 150px) 100vw, 150px\" \/><\/a>\n\t\t\t<\/dt><\/dl><dl class='gallery-item'>\n\t\t\t<dt class='gallery-icon landscape'>\n\t\t\t\t<a href='https:\/\/www.cooperkites.de\/wp-content\/uploads\/2015\/02\/nexxt6.jpg' title=\"\" data-rl_title=\"\" class=\"rl-gallery-link\" data-rl_caption=\"\" data-rel=\"lightbox-gallery-1\"><img loading=\"lazy\" decoding=\"async\" width=\"150\" height=\"150\" src=\"https:\/\/www.cooperkites.de\/wp-content\/uploads\/2015\/02\/nexxt6-150x150.jpg\" class=\"attachment-thumbnail size-thumbnail\" alt=\"\" srcset=\"https:\/\/www.cooperkites.de\/wp-content\/uploads\/2015\/02\/nexxt6-150x150.jpg 150w, https:\/\/www.cooperkites.de\/wp-content\/uploads\/2015\/02\/nexxt6-300x300.jpg 300w, https:\/\/www.cooperkites.de\/wp-content\/uploads\/2015\/02\/nexxt6-100x100.jpg 100w\" sizes=\"(max-width: 150px) 100vw, 150px\" \/><\/a>\n\t\t\t<\/dt><\/dl><dl class='gallery-item'>\n\t\t\t<dt class='gallery-icon landscape'>\n\t\t\t\t<a href='https:\/\/www.cooperkites.de\/wp-content\/uploads\/2015\/02\/nexxt7.jpg' title=\"\" data-rl_title=\"\" class=\"rl-gallery-link\" data-rl_caption=\"\" data-rel=\"lightbox-gallery-1\"><img loading=\"lazy\" decoding=\"async\" width=\"150\" height=\"150\" src=\"https:\/\/www.cooperkites.de\/wp-content\/uploads\/2015\/02\/nexxt7-150x150.jpg\" class=\"attachment-thumbnail size-thumbnail\" alt=\"\" srcset=\"https:\/\/www.cooperkites.de\/wp-content\/uploads\/2015\/02\/nexxt7-150x150.jpg 150w, https:\/\/www.cooperkites.de\/wp-content\/uploads\/2015\/02\/nexxt7-300x300.jpg 300w, https:\/\/www.cooperkites.de\/wp-content\/uploads\/2015\/02\/nexxt7-100x100.jpg 100w\" sizes=\"(max-width: 150px) 100vw, 150px\" \/><\/a>\n\t\t\t<\/dt><\/dl><br style=\"clear: both\" \/><dl class='gallery-item'>\n\t\t\t<dt class='gallery-icon landscape'>\n\t\t\t\t<a href='https:\/\/www.cooperkites.de\/wp-content\/uploads\/2015\/02\/Nexxt-One150.jpg' title=\"\" data-rl_title=\"\" class=\"rl-gallery-link\" data-rl_caption=\"\" data-rel=\"lightbox-gallery-1\"><img loading=\"lazy\" decoding=\"async\" width=\"150\" height=\"150\" src=\"https:\/\/www.cooperkites.de\/wp-content\/uploads\/2015\/02\/Nexxt-One150-150x150.jpg\" class=\"attachment-thumbnail size-thumbnail\" alt=\"\" srcset=\"https:\/\/www.cooperkites.de\/wp-content\/uploads\/2015\/02\/Nexxt-One150-150x150.jpg 150w, https:\/\/www.cooperkites.de\/wp-content\/uploads\/2015\/02\/Nexxt-One150-300x300.jpg 300w, https:\/\/www.cooperkites.de\/wp-content\/uploads\/2015\/02\/Nexxt-One150-100x100.jpg 100w\" sizes=\"(max-width: 150px) 100vw, 150px\" \/><\/a>\n\t\t\t<\/dt><\/dl><dl class='gallery-item'>\n\t\t\t<dt class='gallery-icon landscape'>\n\t\t\t\t<a href='https:\/\/www.cooperkites.de\/wp-content\/uploads\/2015\/02\/Nexxt-one300-11.jpg' title=\"\" data-rl_title=\"\" class=\"rl-gallery-link\" data-rl_caption=\"\" data-rel=\"lightbox-gallery-1\"><img loading=\"lazy\" decoding=\"async\" width=\"150\" height=\"150\" src=\"https:\/\/www.cooperkites.de\/wp-content\/uploads\/2015\/02\/Nexxt-one300-11-150x150.jpg\" class=\"attachment-thumbnail size-thumbnail\" alt=\"\" srcset=\"https:\/\/www.cooperkites.de\/wp-content\/uploads\/2015\/02\/Nexxt-one300-11-150x150.jpg 150w, https:\/\/www.cooperkites.de\/wp-content\/uploads\/2015\/02\/Nexxt-one300-11-300x300.jpg 300w, https:\/\/www.cooperkites.de\/wp-content\/uploads\/2015\/02\/Nexxt-one300-11-100x100.jpg 100w\" sizes=\"(max-width: 150px) 100vw, 150px\" \/><\/a>\n\t\t\t<\/dt><\/dl><dl class='gallery-item'>\n\t\t\t<dt class='gallery-icon portrait'>\n\t\t\t\t<a href='https:\/\/www.cooperkites.de\/wp-content\/uploads\/2015\/02\/Nexxt-one300-31.jpg' title=\"\" data-rl_title=\"\" class=\"rl-gallery-link\" data-rl_caption=\"\" data-rel=\"lightbox-gallery-1\"><img loading=\"lazy\" decoding=\"async\" width=\"150\" height=\"150\" src=\"https:\/\/www.cooperkites.de\/wp-content\/uploads\/2015\/02\/Nexxt-one300-31-150x150.jpg\" class=\"attachment-thumbnail size-thumbnail\" alt=\"\" srcset=\"https:\/\/www.cooperkites.de\/wp-content\/uploads\/2015\/02\/Nexxt-one300-31-150x150.jpg 150w, https:\/\/www.cooperkites.de\/wp-content\/uploads\/2015\/02\/Nexxt-one300-31-300x300.jpg 300w, https:\/\/www.cooperkites.de\/wp-content\/uploads\/2015\/02\/Nexxt-one300-31-100x100.jpg 100w, https:\/\/www.cooperkites.de\/wp-content\/uploads\/2015\/02\/Nexxt-one300-31-120x121.jpg 120w\" sizes=\"(max-width: 150px) 100vw, 150px\" \/><\/a>\n\t\t\t<\/dt><\/dl><dl class='gallery-item'>\n\t\t\t<dt class='gallery-icon portrait'>\n\t\t\t\t<a href='https:\/\/www.cooperkites.de\/wp-content\/uploads\/2015\/02\/Nexxt-one300-21.jpg' title=\"\" data-rl_title=\"\" class=\"rl-gallery-link\" data-rl_caption=\"\" data-rel=\"lightbox-gallery-1\"><img loading=\"lazy\" decoding=\"async\" width=\"150\" height=\"150\" src=\"https:\/\/www.cooperkites.de\/wp-content\/uploads\/2015\/02\/Nexxt-one300-21-150x150.jpg\" class=\"attachment-thumbnail size-thumbnail\" alt=\"\" srcset=\"https:\/\/www.cooperkites.de\/wp-content\/uploads\/2015\/02\/Nexxt-one300-21-150x150.jpg 150w, https:\/\/www.cooperkites.de\/wp-content\/uploads\/2015\/02\/Nexxt-one300-21-300x300.jpg 300w, https:\/\/www.cooperkites.de\/wp-content\/uploads\/2015\/02\/Nexxt-one300-21-100x100.jpg 100w\" sizes=\"(max-width: 150px) 100vw, 150px\" \/><\/a>\n\t\t\t<\/dt><\/dl><br style=\"clear: both\" \/><dl class='gallery-item'>\n\t\t\t<dt class='gallery-icon landscape'>\n\t\t\t\t<a href='https:\/\/www.cooperkites.de\/wp-content\/uploads\/2015\/02\/Nexxt-one300-41.jpg' title=\"\" data-rl_title=\"\" class=\"rl-gallery-link\" data-rl_caption=\"\" data-rel=\"lightbox-gallery-1\"><img loading=\"lazy\" decoding=\"async\" width=\"150\" height=\"150\" src=\"https:\/\/www.cooperkites.de\/wp-content\/uploads\/2015\/02\/Nexxt-one300-41-150x150.jpg\" class=\"attachment-thumbnail size-thumbnail\" alt=\"\" srcset=\"https:\/\/www.cooperkites.de\/wp-content\/uploads\/2015\/02\/Nexxt-one300-41-150x150.jpg 150w, https:\/\/www.cooperkites.de\/wp-content\/uploads\/2015\/02\/Nexxt-one300-41-300x300.jpg 300w, https:\/\/www.cooperkites.de\/wp-content\/uploads\/2015\/02\/Nexxt-one300-41-100x100.jpg 100w\" sizes=\"(max-width: 150px) 100vw, 150px\" \/><\/a>\n\t\t\t<\/dt><\/dl><dl class='gallery-item'>\n\t\t\t<dt class='gallery-icon landscape'>\n\t\t\t\t<a href='https:\/\/www.cooperkites.de\/wp-content\/uploads\/2015\/02\/Nexxt-One-5501.jpg' title=\"\" data-rl_title=\"\" class=\"rl-gallery-link\" data-rl_caption=\"\" data-rel=\"lightbox-gallery-1\"><img loading=\"lazy\" decoding=\"async\" width=\"150\" height=\"150\" src=\"https:\/\/www.cooperkites.de\/wp-content\/uploads\/2015\/02\/Nexxt-One-5501-150x150.jpg\" class=\"attachment-thumbnail size-thumbnail\" alt=\"\" srcset=\"https:\/\/www.cooperkites.de\/wp-content\/uploads\/2015\/02\/Nexxt-One-5501-150x150.jpg 150w, https:\/\/www.cooperkites.de\/wp-content\/uploads\/2015\/02\/Nexxt-One-5501-300x300.jpg 300w, https:\/\/www.cooperkites.de\/wp-content\/uploads\/2015\/02\/Nexxt-One-5501-100x100.jpg 100w\" sizes=\"(max-width: 150px) 100vw, 150px\" \/><\/a>\n\t\t\t<\/dt><\/dl><dl class='gallery-item'>\n\t\t\t<dt class='gallery-icon portrait'>\n\t\t\t\t<a href='https:\/\/www.cooperkites.de\/wp-content\/uploads\/2015\/02\/Nexxt-One-550-21.jpg' title=\"\" data-rl_title=\"\" class=\"rl-gallery-link\" data-rl_caption=\"\" data-rel=\"lightbox-gallery-1\"><img loading=\"lazy\" decoding=\"async\" width=\"150\" height=\"150\" src=\"https:\/\/www.cooperkites.de\/wp-content\/uploads\/2015\/02\/Nexxt-One-550-21-150x150.jpg\" class=\"attachment-thumbnail size-thumbnail\" alt=\"\" srcset=\"https:\/\/www.cooperkites.de\/wp-content\/uploads\/2015\/02\/Nexxt-One-550-21-150x150.jpg 150w, https:\/\/www.cooperkites.de\/wp-content\/uploads\/2015\/02\/Nexxt-One-550-21-300x300.jpg 300w, https:\/\/www.cooperkites.de\/wp-content\/uploads\/2015\/02\/Nexxt-One-550-21-100x100.jpg 100w\" sizes=\"(max-width: 150px) 100vw, 150px\" \/><\/a>\n\t\t\t<\/dt><\/dl><dl class='gallery-item'>\n\t\t\t<dt class='gallery-icon landscape'>\n\t\t\t\t<a href='https:\/\/www.cooperkites.de\/wp-content\/uploads\/2015\/02\/nexxt4.jpg' title=\"\" data-rl_title=\"\" class=\"rl-gallery-link\" data-rl_caption=\"\" data-rel=\"lightbox-gallery-1\"><img loading=\"lazy\" decoding=\"async\" width=\"150\" height=\"150\" src=\"https:\/\/www.cooperkites.de\/wp-content\/uploads\/2015\/02\/nexxt4-150x150.jpg\" class=\"attachment-thumbnail size-thumbnail\" alt=\"\" srcset=\"https:\/\/www.cooperkites.de\/wp-content\/uploads\/2015\/02\/nexxt4-150x150.jpg 150w, https:\/\/www.cooperkites.de\/wp-content\/uploads\/2015\/02\/nexxt4-300x300.jpg 300w, https:\/\/www.cooperkites.de\/wp-content\/uploads\/2015\/02\/nexxt4-100x100.jpg 100w\" sizes=\"(max-width: 150px) 100vw, 150px\" \/><\/a>\n\t\t\t<\/dt><\/dl><br style=\"clear: both\" \/>\n\t\t<\/div>\n<\/p>\n<\/article>\n<p>&nbsp;<\/p>\n<section id=\"four_columns\">\n<h2><\/h2>\n<article class=\"img-item\">\n<h3 class=\"hidden\"><\/h3>\n<figure><\/figure>\n<\/article>\n<article class=\"img-item\">\n<h3 class=\"hidden\"><\/h3>\n<figure><\/figure>\n<\/article>\n<article class=\"img-item\">\n<h3 class=\"hidden\"><\/h3>\n<figure><\/figure>\n<\/article>\n<article class=\"img-item\">\n<h3 class=\"hidden\"><\/h3>\n<figure><\/figure>\n<\/article>\n<p><br class=\"clear\" \/><br \/>\n<\/section>\n","protected":false},"excerpt":{"rendered":"Die neue Nexxt One ist eine komplette Neuentwicklung bei der die One aber immer als Referenz zur Seite stand. Nexxt One ein neuer frischer und moderner Kite geworden, der f\u00fcr alle Landkite-Sportarten mehr als geeignet ist! Wir haben bei der Konstruktion besonderen Augenmerk auf einfache und unproblematische Bedienung gelegt, ihm aber trotzdem ein sehr hohes&#8230; <a class=\"view-article\" href=\"https:\/\/www.cooperkites.de\/?page_id=63\">Artikel ansehen<\/a>","protected":false},"author":2,"featured_media":0,"parent":225,"menu_order":2,"comment_status":"open","ping_status":"closed","template":"cooperkitesNEU.php","meta":{"footnotes":""},"class_list":["post-63","page","type-page","status-publish","hentry"],"aioseo_notices":[],"_links":{"self":[{"href":"https:\/\/www.cooperkites.de\/index.php?rest_route=\/wp\/v2\/pages\/63"}],"collection":[{"href":"https:\/\/www.cooperkites.de\/index.php?rest_route=\/wp\/v2\/pages"}],"about":[{"href":"https:\/\/www.cooperkites.de\/index.php?rest_route=\/wp\/v2\/types\/page"}],"author":[{"embeddable":true,"href":"https:\/\/www.cooperkites.de\/index.php?rest_route=\/wp\/v2\/users\/2"}],"replies":[{"embeddable":true,"href":"https:\/\/www.cooperkites.de\/index.php?rest_route=%2Fwp%2Fv2%2Fcomments&post=63"}],"version-history":[{"count":6,"href":"https:\/\/www.cooperkites.de\/index.php?rest_route=\/wp\/v2\/pages\/63\/revisions"}],"predecessor-version":[{"id":1171,"href":"https:\/\/www.cooperkites.de\/index.php?rest_route=\/wp\/v2\/pages\/63\/revisions\/1171"}],"up":[{"embeddable":true,"href":"https:\/\/www.cooperkites.de\/index.php?rest_route=\/wp\/v2\/pages\/225"}],"wp:attachment":[{"href":"https:\/\/www.cooperkites.de\/index.php?rest_route=%2Fwp%2Fv2%2Fmedia&parent=63"}],"curies":[{"name":"wp","href":"https:\/\/api.w.org\/{rel}","templated":true}]}}